{"id":10,"date":"2021-05-13T05:31:27","date_gmt":"2021-05-13T05:31:27","guid":{"rendered":"http:\/\/chacaraipiranga.com.br\/?page_id=10"},"modified":"2021-11-15T11:03:18","modified_gmt":"2021-11-15T14:03:18","slug":"home","status":"publish","type":"page","link":"https:\/\/chacaraipiranga.com.br\/","title":{"rendered":"In\u00edcio"},"content":{"rendered":"\n<div class=\"wp-block-cover alignfull has-ast-global-color-0-background-color has-background-dim\" style=\"min-height:900px;aspect-ratio:unset;\"><div class=\"wp-block-cover__inner-container is-layout-flow wp-block-cover-is-layout-flow\">\n<div class=\"wp-block-media-text alignwide has-media-on-the-right is-stacked-on-mobile is-vertically-aligned-center\" style=\"grid-template-columns:auto 46%\"><figure class=\"wp-block-media-text__media\"><img loading=\"lazy\" decoding=\"async\" width=\"731\" height=\"731\" src=\"https:\/\/chacaraipiranga.com.br\/wp-content\/uploads\/2021\/10\/1579737312.png\" alt=\"\" class=\"wp-image-280 size-full\" srcset=\"https:\/\/chacaraipiranga.com.br\/wp-content\/uploads\/2021\/10\/1579737312.png 731w, https:\/\/chacaraipiranga.com.br\/wp-content\/uploads\/2021\/10\/1579737312-300x300.png 300w, https:\/\/chacaraipiranga.com.br\/wp-content\/uploads\/2021\/10\/1579737312-150x150.png 150w\" sizes=\"auto, (max-width: 731px) 100vw, 731px\" \/><\/figure><div class=\"wp-block-media-text__content\">\n<h1 class=\"has-text-color wp-block-heading\" style=\"color:#ffffff\">O espa\u00e7o mais gostoso de Ferraz de Vasconcelos \u00e9 aqui.<\/h1>\n\n\n\n<p class=\"has-text-color\" style=\"color:#ffffff\">Aqui voc\u00ea pode organizar todo tipo de evento ou atividade. Com ambientes perfeitos para seu casamento dos sonhos, festa da empresa, encontro em fam\u00edlia ou qualquer evento. Vamos conversar!<\/p>\n\n\n\n<div class=\"wp-block-buttons is-layout-flex wp-block-buttons-is-layout-flex\" id=\"https:\/\/api.whatsapp.com\/send?phone=5511995509075&amp;text=Ol%C3%A1%2C%20gostaria%20de%20mais%20informa%C3%A7%C3%B5es%20sobre%20alugar%20a%20ch%C3%A1cara.\">\n<div class=\"wp-block-button\"><a class=\"wp-block-button__link has-ast-global-color-0-color has-text-color has-background\" href=\"https:\/\/api.whatsapp.com\/send?phone=5511995509075&amp;text=Ol%C3%A1%2C%20gostaria%20de%20mais%20informa%C3%A7%C3%B5es%20sobre%20alugar%20a%20ch%C3%A1cara.\" style=\"background-color:#ffffff\" target=\"_blank\" rel=\"https:\/\/api.whatsapp.com\/send?phone=5511995509075&amp;text=Ol%C3%A1%2C%20gostaria%20de%20mais%20informa%C3%A7%C3%B5es%20sobre%20alugar%20a%20ch%C3%A1cara. noopener\">Entrar em contato<\/a><\/div>\n<\/div>\n<\/div><\/div>\n<\/div><\/div>\n\n\n\n<div class=\"wp-block-group alignfull is-layout-flow wp-block-group-is-layout-flow\">\n<div class=\"wp-block-media-text alignwide is-stacked-on-mobile\" style=\"grid-template-columns:51% auto\"><figure class=\"wp-block-media-text__media\"><img loading=\"lazy\" decoding=\"async\" width=\"960\" height=\"640\" src=\"https:\/\/chacaraipiranga.com.br\/wp-content\/uploads\/2021\/10\/whatsapp-image-2018-03-07-at-20-45-50_13_201526.jpeg\" alt=\"\" class=\"wp-image-283 size-full\" srcset=\"https:\/\/chacaraipiranga.com.br\/wp-content\/uploads\/2021\/10\/whatsapp-image-2018-03-07-at-20-45-50_13_201526.jpeg 960w, https:\/\/chacaraipiranga.com.br\/wp-content\/uploads\/2021\/10\/whatsapp-image-2018-03-07-at-20-45-50_13_201526-300x200.jpeg 300w, https:\/\/chacaraipiranga.com.br\/wp-content\/uploads\/2021\/10\/whatsapp-image-2018-03-07-at-20-45-50_13_201526-768x512.jpeg 768w\" sizes=\"auto, (max-width: 960px) 100vw, 960px\" \/><\/figure><div class=\"wp-block-media-text__content\">\n<h5 class=\"wp-block-heading\"><\/h5>\n\n\n\n<h2 class=\"wp-block-heading\">O espa\u00e7o perfeito para o seu evento especial.<\/h2>\n\n\n\n<p>Com mais de 10 anos de exist\u00eancia. J\u00e1 tivemos em nosso espa\u00e7o, diversos eventos de diferentes tamanhos: casamentos; festas; encontros familiares; festa da firma; anivers\u00e1rios, entre outros.<br>Ficar\u00edamos muito feliz se o seu, for o pr\u00f3ximo evento conosco.<\/p>\n\n\n\n<div class=\"wp-block-buttons is-layout-flex wp-block-buttons-is-layout-flex\">\n<div class=\"wp-block-button\"><a class=\"wp-block-button__link has-ast-global-color-4-color has-ast-global-color-0-background-color has-text-color has-background\" href=\"https:\/\/api.whatsapp.com\/send?phone=5511995509075&amp;text=Ol%C3%A1%2C%20gostaria%20de%20mais%20informa%C3%A7%C3%B5es%20sobre%20alugar%20a%20ch%C3%A1cara.\" target=\"_blank\" rel=\"noreferrer noopener\">Vamos conversar<\/a><\/div>\n<\/div>\n<\/div><\/div>\n\n\n\n<div style=\"height:68px\" aria-hidden=\"true\" class=\"wp-block-spacer\"><\/div>\n\n\n\n<h2 class=\"has-text-align-center wp-block-heading\">Tem interesse em uma parceria?<\/h2>\n\n\n\n<div class=\"wp-block-columns alignwide is-layout-flex wp-container-core-columns-is-layout-28f84493 wp-block-columns-is-layout-flex\">\n<div class=\"wp-block-column is-layout-flow wp-block-column-is-layout-flow\">\n<figure class=\"wp-block-image size-full\"><img loading=\"lazy\" decoding=\"async\" width=\"600\" height=\"400\" src=\"https:\/\/chacaraipiranga.com.br\/wp-content\/uploads\/2021\/10\/pedro-araujo-S6zR6btkG-M-unsplash.png\" alt=\"\" class=\"wp-image-289\" srcset=\"https:\/\/chacaraipiranga.com.br\/wp-content\/uploads\/2021\/10\/pedro-araujo-S6zR6btkG-M-unsplash.png 600w, https:\/\/chacaraipiranga.com.br\/wp-content\/uploads\/2021\/10\/pedro-araujo-S6zR6btkG-M-unsplash-300x200.png 300w\" sizes=\"auto, (max-width: 600px) 100vw, 600px\" \/><\/figure>\n\n\n\n<h4 class=\"wp-block-heading\">Treinos<\/h4>\n\n\n\n<p>Gostar\u00edamos de conversar com voc\u00ea, professor de educa\u00e7\u00e3o f\u00edsica, Yoga, dan\u00e7a ou qualquer outra atividade f\u00edsica. J\u00e1 tem alunos e est\u00e1 procurando um lugar gostoso e com toda uma estrutura, que garanta um conforto para os treinos? Ou mesmo ainda montando uma turma.<\/p>\n<\/div>\n\n\n\n<div class=\"wp-block-column is-layout-flow wp-block-column-is-layout-flow\">\n<figure class=\"wp-block-image size-full\"><img loading=\"lazy\" decoding=\"async\" width=\"600\" height=\"400\" src=\"https:\/\/chacaraipiranga.com.br\/wp-content\/uploads\/2021\/10\/windows-wYTd-B7BdoQ-unsplash.png\" alt=\"\" class=\"wp-image-290\" srcset=\"https:\/\/chacaraipiranga.com.br\/wp-content\/uploads\/2021\/10\/windows-wYTd-B7BdoQ-unsplash.png 600w, https:\/\/chacaraipiranga.com.br\/wp-content\/uploads\/2021\/10\/windows-wYTd-B7BdoQ-unsplash-300x200.png 300w\" sizes=\"auto, (max-width: 600px) 100vw, 600px\" \/><\/figure>\n\n\n\n<h4 class=\"wp-block-heading\">Coworking<\/h4>\n\n\n\n<p>Com internet de alta velocidade, um amplo espa\u00e7o para que voc\u00ea tenha total privacidade em suas reuni\u00f5es, cozinha com fog\u00e3o, geladeira e micro-ondas e banheiros. Venha fazer o seu home office em uma lugar agrad\u00e1vel, para uma melhor produtividade.<\/p>\n<\/div>\n\n\n\n<div class=\"wp-block-column is-layout-flow wp-block-column-is-layout-flow\">\n<figure class=\"wp-block-image size-full\"><img loading=\"lazy\" decoding=\"async\" width=\"600\" height=\"400\" src=\"https:\/\/chacaraipiranga.com.br\/wp-content\/uploads\/2021\/10\/andras-vas-0W-V7K2mHGM-unsplash.png\" alt=\"\" class=\"wp-image-291\" srcset=\"https:\/\/chacaraipiranga.com.br\/wp-content\/uploads\/2021\/10\/andras-vas-0W-V7K2mHGM-unsplash.png 600w, https:\/\/chacaraipiranga.com.br\/wp-content\/uploads\/2021\/10\/andras-vas-0W-V7K2mHGM-unsplash-300x200.png 300w\" sizes=\"auto, (max-width: 600px) 100vw, 600px\" \/><\/figure>\n\n\n\n<h4 class=\"wp-block-heading\">Quadra<\/h4>\n\n\n\n<p>Que tal um futebol semanal em um lugar diferente? Venha conhecer nossa quadra e agendar aquele futebol com a galera, temos geladeiras e espa\u00e7o para preparo de churrasco, sendo poss\u00edvel transformar a pratica do esporte em um evento. Marque um dia para nos visitar.<\/p>\n<\/div>\n<\/div>\n<\/div>\n\n\n\n<div class=\"wp-block-group is-layout-flow wp-block-group-is-layout-flow\">\n<h2 class=\"has-text-align-center wp-block-heading\">Fotos<\/h2>\n\n\n\n<figure class=\"wp-block-gallery columns-4 is-cropped wp-block-gallery-1 is-layout-flex wp-block-gallery-is-layout-flex\"><ul class=\"blocks-gallery-grid\"><li class=\"blocks-gallery-item\"><figure><img loading=\"lazy\" decoding=\"async\" width=\"960\" height=\"960\" src=\"https:\/\/chacaraipiranga.com.br\/wp-content\/uploads\/2021\/10\/17670_922233967840740_108874529727225971_n.jpg\" alt=\"\" data-id=\"301\" data-full-url=\"https:\/\/chacaraipiranga.com.br\/wp-content\/uploads\/2021\/10\/17670_922233967840740_108874529727225971_n.jpg\" data-link=\"https:\/\/chacaraipiranga.com.br\/?attachment_id=301\" class=\"wp-image-301\" srcset=\"https:\/\/chacaraipiranga.com.br\/wp-content\/uploads\/2021\/10\/17670_922233967840740_108874529727225971_n.jpg 960w, https:\/\/chacaraipiranga.com.br\/wp-content\/uploads\/2021\/10\/17670_922233967840740_108874529727225971_n-300x300.jpg 300w, https:\/\/chacaraipiranga.com.br\/wp-content\/uploads\/2021\/10\/17670_922233967840740_108874529727225971_n-150x150.jpg 150w, https:\/\/chacaraipiranga.com.br\/wp-content\/uploads\/2021\/10\/17670_922233967840740_108874529727225971_n-768x768.jpg 768w\" sizes=\"auto, (max-width: 960px) 100vw, 960px\" \/><\/figure><\/li><li class=\"blocks-gallery-item\"><figure><img loading=\"lazy\" decoding=\"async\" width=\"900\" height=\"509\" src=\"https:\/\/chacaraipiranga.com.br\/wp-content\/uploads\/2021\/10\/11329855_914358995294904_5766588193589602859_n.jpg\" alt=\"\" data-id=\"302\" data-full-url=\"https:\/\/chacaraipiranga.com.br\/wp-content\/uploads\/2021\/10\/11329855_914358995294904_5766588193589602859_n.jpg\" data-link=\"https:\/\/chacaraipiranga.com.br\/?attachment_id=302\" class=\"wp-image-302\" srcset=\"https:\/\/chacaraipiranga.com.br\/wp-content\/uploads\/2021\/10\/11329855_914358995294904_5766588193589602859_n.jpg 900w, https:\/\/chacaraipiranga.com.br\/wp-content\/uploads\/2021\/10\/11329855_914358995294904_5766588193589602859_n-300x170.jpg 300w, https:\/\/chacaraipiranga.com.br\/wp-content\/uploads\/2021\/10\/11329855_914358995294904_5766588193589602859_n-768x434.jpg 768w\" sizes=\"auto, (max-width: 900px) 100vw, 900px\" \/><\/figure><\/li><li class=\"blocks-gallery-item\"><figure><img loading=\"lazy\" decoding=\"async\" width=\"900\" height=\"509\" src=\"https:\/\/chacaraipiranga.com.br\/wp-content\/uploads\/2021\/10\/11391352_914359021961568_7667444428689187329_n.jpg\" alt=\"\" data-id=\"303\" data-full-url=\"https:\/\/chacaraipiranga.com.br\/wp-content\/uploads\/2021\/10\/11391352_914359021961568_7667444428689187329_n.jpg\" data-link=\"https:\/\/chacaraipiranga.com.br\/?attachment_id=303\" class=\"wp-image-303\" srcset=\"https:\/\/chacaraipiranga.com.br\/wp-content\/uploads\/2021\/10\/11391352_914359021961568_7667444428689187329_n.jpg 900w, https:\/\/chacaraipiranga.com.br\/wp-content\/uploads\/2021\/10\/11391352_914359021961568_7667444428689187329_n-300x170.jpg 300w, https:\/\/chacaraipiranga.com.br\/wp-content\/uploads\/2021\/10\/11391352_914359021961568_7667444428689187329_n-768x434.jpg 768w\" sizes=\"auto, (max-width: 900px) 100vw, 900px\" \/><\/figure><\/li><li class=\"blocks-gallery-item\"><figure><img loading=\"lazy\" decoding=\"async\" width=\"960\" height=\"640\" src=\"https:\/\/chacaraipiranga.com.br\/wp-content\/uploads\/2021\/10\/whatsapp-image-2018-03-07-at-20-45-50_13_201526-1.jpeg\" alt=\"\" data-id=\"304\" data-full-url=\"https:\/\/chacaraipiranga.com.br\/wp-content\/uploads\/2021\/10\/whatsapp-image-2018-03-07-at-20-45-50_13_201526-1.jpeg\" data-link=\"https:\/\/chacaraipiranga.com.br\/?attachment_id=304\" class=\"wp-image-304\" srcset=\"https:\/\/chacaraipiranga.com.br\/wp-content\/uploads\/2021\/10\/whatsapp-image-2018-03-07-at-20-45-50_13_201526-1.jpeg 960w, https:\/\/chacaraipiranga.com.br\/wp-content\/uploads\/2021\/10\/whatsapp-image-2018-03-07-at-20-45-50_13_201526-1-300x200.jpeg 300w, https:\/\/chacaraipiranga.com.br\/wp-content\/uploads\/2021\/10\/whatsapp-image-2018-03-07-at-20-45-50_13_201526-1-768x512.jpeg 768w\" sizes=\"auto, (max-width: 960px) 100vw, 960px\" \/><\/figure><\/li><\/ul><\/figure>\n<\/div>\n\n\n\n<div class=\"wp-block-cover alignfull has-ast-global-color-0-background-color has-background-dim\" style=\"min-height:200px;aspect-ratio:unset;\"><div class=\"wp-block-cover__inner-container is-layout-flow wp-block-cover-is-layout-flow\">\n<div class=\"wp-block-media-text is-stacked-on-mobile is-vertically-aligned-center\"><figure class=\"wp-block-media-text__media\"><img loading=\"lazy\" decoding=\"async\" width=\"1024\" height=\"683\" src=\"http:\/\/chacaraipiranga.com.br\/wp-content\/uploads\/2021\/10\/IMG_9803-1024x683.jpg\" alt=\"\" class=\"wp-image-336 size-full\" srcset=\"https:\/\/chacaraipiranga.com.br\/wp-content\/uploads\/2021\/10\/IMG_9803-1024x683.jpg 1024w, https:\/\/chacaraipiranga.com.br\/wp-content\/uploads\/2021\/10\/IMG_9803-300x200.jpg 300w, https:\/\/chacaraipiranga.com.br\/wp-content\/uploads\/2021\/10\/IMG_9803-768x512.jpg 768w\" sizes=\"auto, (max-width: 1024px) 100vw, 1024px\" \/><\/figure><div class=\"wp-block-media-text__content\">\n<div class=\"wp-block-group is-layout-flow wp-block-group-is-layout-flow\">\n<h2 class=\"has-text-align-center has-white-color has-text-color wp-block-heading\">Vamos marcar uma visita e voc\u00ea vai se apaixonar pelo nosso espa\u00e7o!<\/h2>\n\n\n\n<div class=\"wp-block-buttons is-content-justification-center is-layout-flex wp-block-buttons-is-layout-flex\">\n<div class=\"wp-block-button\"><a class=\"wp-block-button__link has-ast-global-color-0-color has-text-color has-background\" href=\"https:\/\/api.whatsapp.com\/send?phone=5511995509075&amp;text=Ol\u00e1%2C gostaria de mais informa\u00e7\u00f5es sobre alugar a ch\u00e1cara.\" style=\"background-color:#ffffff\" target=\"_blank\" rel=\"noreferrer noopener\">11 99550-9075<\/a><\/div>\n<\/div>\n<\/div>\n<\/div><\/div>\n<\/div><\/div>\n","protected":false},"excerpt":{"rendered":"<p>O espa\u00e7o perfeito para o seu evento especial. Com mais de 10 anos de exist\u00eancia. J\u00e1 tivemos em nosso espa\u00e7o, diversos eventos de diferentes tamanhos: casamentos; festas; encontros familiares; festa da firma; anivers\u00e1rios, entre outros.Ficar\u00edamos muito feliz se o seu, for o pr\u00f3ximo evento conosco. Tem interesse em uma parceria? Treinos Gostar\u00edamos de conversar com [&hellip;]<\/p>\n","protected":false},"author":1,"featured_media":0,"parent":0,"menu_order":0,"comment_status":"closed","ping_status":"closed","template":"","meta":{"om_disable_all_campaigns":false,"_monsterinsights_skip_tracking":false,"_monsterinsights_sitenote_active":false,"_monsterinsights_sitenote_note":"","_monsterinsights_sitenote_category":0,"site-sidebar-layout":"no-sidebar","site-content-layout":"plain-container","ast-site-content-layout":"default","site-content-style":"default","site-sidebar-style":"default","ast-global-header-display":"","ast-banner-title-visibility":"","ast-main-header-display":"","ast-hfb-above-header-display":"","ast-hfb-below-header-display":"","ast-hfb-mobile-header-display":"","site-post-title":"disabled","ast-breadcrumbs-content":"","ast-featured-img":"","footer-sml-layout":"","ast-disable-related-posts":"","theme-transparent-header-meta":"enabled","adv-header-id-meta":"","stick-header-meta":"","header-above-stick-meta":"","header-main-stick-meta":"","header-below-stick-meta":"","astra-migrate-meta-layouts":"default","ast-page-background-enabled":"default","ast-page-background-meta":{"desktop":{"background-color":"","background-image":"","background-repeat":"repeat","background-position":"center center","background-size":"auto","background-attachment":"scroll","background-type":"","background-media":"","overlay-type":"","overlay-color":"","overlay-opacity":"","overlay-gradient":""},"tablet":{"background-color":"","background-image":"","background-repeat":"repeat","background-position":"center center","background-size":"auto","background-attachment":"scroll","background-type":"","background-media":"","overlay-type":"","overlay-color":"","overlay-opacity":"","overlay-gradient":""},"mobile":{"background-color":"","background-image":"","background-repeat":"repeat","background-position":"center center","background-size":"auto","background-attachment":"scroll","background-type":"","background-media":"","overlay-type":"","overlay-color":"","overlay-opacity":"","overlay-gradient":""}},"ast-content-background-meta":{"desktop":{"background-color":"var(--ast-global-color-5)","background-image":"","background-repeat":"repeat","background-position":"center center","background-size":"auto","background-attachment":"scroll","background-type":"","background-media":"","overlay-type":"","overlay-color":"","overlay-opacity":"","overlay-gradient":""},"tablet":{"background-color":"var(--ast-global-color-5)","background-image":"","background-repeat":"repeat","background-position":"center center","background-size":"auto","background-attachment":"scroll","background-type":"","background-media":"","overlay-type":"","overlay-color":"","overlay-opacity":"","overlay-gradient":""},"mobile":{"background-color":"var(--ast-global-color-5)","background-image":"","background-repeat":"repeat","background-position":"center center","background-size":"auto","background-attachment":"scroll","background-type":"","background-media":"","overlay-type":"","overlay-color":"","overlay-opacity":"","overlay-gradient":""}},"footnotes":""},"class_list":["post-10","page","type-page","status-publish","hentry"],"_links":{"self":[{"href":"https:\/\/chacaraipiranga.com.br\/index.php?rest_route=\/wp\/v2\/pages\/10","targetHints":{"allow":["GET"]}}],"collection":[{"href":"https:\/\/chacaraipiranga.com.br\/index.php?rest_route=\/wp\/v2\/pages"}],"about":[{"href":"https:\/\/chacaraipiranga.com.br\/index.php?rest_route=\/wp\/v2\/types\/page"}],"author":[{"embeddable":true,"href":"https:\/\/chacaraipiranga.com.br\/index.php?rest_route=\/wp\/v2\/users\/1"}],"replies":[{"embeddable":true,"href":"https:\/\/chacaraipiranga.com.br\/index.php?rest_route=%2Fwp%2Fv2%2Fcomments&post=10"}],"version-history":[{"count":26,"href":"https:\/\/chacaraipiranga.com.br\/index.php?rest_route=\/wp\/v2\/pages\/10\/revisions"}],"predecessor-version":[{"id":377,"href":"https:\/\/chacaraipiranga.com.br\/index.php?rest_route=\/wp\/v2\/pages\/10\/revisions\/377"}],"wp:attachment":[{"href":"https:\/\/chacaraipiranga.com.br\/index.php?rest_route=%2Fwp%2Fv2%2Fmedia&parent=10"}],"curies":[{"name":"wp","href":"https:\/\/api.w.org\/{rel}","templated":true}]}}